{"id":57,"date":"2013-06-17T14:54:34","date_gmt":"2013-06-17T14:54:34","guid":{"rendered":"http:\/\/www.liepa.co\/?page_id=57"},"modified":"2014-12-18T12:24:31","modified_gmt":"2014-12-18T12:24:31","slug":"request-quote","status":"publish","type":"page","link":"http:\/\/www.liepa.co\/en\/request-quote\/","title":{"rendered":"Request a Quote"},"content":{"rendered":"<p><\/p>\n<h3>Akcija septembr\u012b &#8211; <strong>mob\u012bl\u0101 versija bezmaksas!<\/strong><\/h3>\n<p><\/p>","protected":false},"excerpt":{"rendered":"<p>Akcija septembr\u012b &#8211; mob\u012bl\u0101 versija bezmaksas!<\/p>\n","protected":false},"author":1,"featured_media":0,"parent":0,"menu_order":0,"comment_status":"open","ping_status":"open","template":"quote.php","meta":[],"_links":{"self":[{"href":"http:\/\/www.liepa.co\/en\/wp-json\/wp\/v2\/pages\/57"}],"collection":[{"href":"http:\/\/www.liepa.co\/en\/wp-json\/wp\/v2\/pages"}],"about":[{"href":"http:\/\/www.liepa.co\/en\/wp-json\/wp\/v2\/types\/page"}],"author":[{"embeddable":true,"href":"http:\/\/www.liepa.co\/en\/wp-json\/wp\/v2\/users\/1"}],"replies":[{"embeddable":true,"href":"http:\/\/www.liepa.co\/en\/wp-json\/wp\/v2\/comments?post=57"}],"version-history":[{"count":0,"href":"http:\/\/www.liepa.co\/en\/wp-json\/wp\/v2\/pages\/57\/revisions"}],"wp:attachment":[{"href":"http:\/\/www.liepa.co\/en\/wp-json\/wp\/v2\/media?parent=57"}],"curies":[{"name":"wp","href":"https:\/\/api.w.org\/{rel}","templated":true}]}}